{"id":11517,"date":"2025-02-12T11:27:40","date_gmt":"2025-02-12T10:27:40","guid":{"rendered":"https:\/\/www.edav.es\/inici-2\/"},"modified":"2025-09-26T12:55:45","modified_gmt":"2025-09-26T10:55:45","slug":"inicio","status":"publish","type":"page","link":"https:\/\/www.edav.es\/es\/","title":{"rendered":"Inicio"},"content":{"rendered":"<div class=\"gb-container gb-container-b589d2b5 alignfull\">\n<div class=\"gb-container gb-container-dda71040\">\n\t\t<div class=\"wppsac-wrap wppsac-slick-slider-wrp wppsac-clearfix \" data-conf=\"{&quot;dots&quot;:&quot;true&quot;,&quot;arrows&quot;:&quot;true&quot;,&quot;autoplay&quot;:&quot;true&quot;,&quot;autoplay_interval&quot;:3000,&quot;speed&quot;:500,&quot;rtl&quot;:&quot;false&quot;,&quot;lazyload&quot;:&quot;&quot;}\">\r\n\t\t\t<div id=\"wppsac-post-slider-1\" class=\"wppsac-post-slider-init wppsac-post-slider design-2\">\r\n\t\t\t\t<div class=\"wppsac-post-slides\">\r\n\t<div class=\"wppsac-post-content-position\">\r\n\t\t<div class=\"wppsac-post-content-left wp-medium-6 wpcolumns\">\r\n\t\t\t<div class=\"wppsac-post-inner-content\">\r\n\t\t\t\t\r\n\t\t\t\t<h2 class=\"wppsac-post-title\">\r\n\t\t\t\t\t<a href=\"https:\/\/www.edav.es\/es\/12314\/\">NUEVO CONVENIO CON DAMA PARA 2026<\/a>\r\n\t\t\t\t<\/h2>\r\n\r\n\t\t\t\t\t\t\t\t\t<div class=\"wppsac-post-date\">\r\n\t\t\t\t\t\t10 de marzo de 2026\t\t\t\t\t<\/div>\r\n\t\t\t\t\t\t\t\t<div class=\"wppsac-post-content\">\r\n\t\t\t\t\t<div class=\"wppsac-sub-content\">&nbsp; Firmamos el nuevo convenio con DAMA para 2026 &nbsp; Un a\u00f1o m\u00e1s hemos renovado el convenio de colaboraci\u00f3n con...<\/div>\r\n\r\n\t\t\t\t\t\t\t\t\t<\/div>\r\n\t\t\t\t\t\t\t<\/div>\r\n\t\t<\/div>\r\n\t\t<div class=\"wppsac-post-image-bg\">\r\n\t\t\t<a href=\"https:\/\/www.edav.es\/es\/12314\/\">\r\n\t\t\t\t\t\t\t\t<img decoding=\"async\" class=\"wppsac-post-image\"  src=\"https:\/\/www.edav.es\/wp-content\/uploads\/DAMA_NEGRO_TRANSP.png\" alt=\"NUEVO CONVENIO CON DAMA PARA 2026\" \/>\r\n\t\t\t\t\t\t\t<\/a>\r\n\t\t<\/div>\r\n\t<\/div>\r\n<\/div><div class=\"wppsac-post-slides\">\r\n\t<div class=\"wppsac-post-content-position\">\r\n\t\t<div class=\"wppsac-post-content-left wp-medium-6 wpcolumns\">\r\n\t\t\t<div class=\"wppsac-post-inner-content\">\r\n\t\t\t\t\r\n\t\t\t\t<h2 class=\"wppsac-post-title\">\r\n\t\t\t\t\t<a href=\"https:\/\/www.edav.es\/es\/abierta-la-convocatoria-de-la-traca\/\">ABIERTA LA CONVOCATORIA DE &#8216;LA TRACA&#8217;<\/a>\r\n\t\t\t\t<\/h2>\r\n\r\n\t\t\t\t\t\t\t\t\t<div class=\"wppsac-post-date\">\r\n\t\t\t\t\t\t9 de marzo de 2026\t\t\t\t\t<\/div>\r\n\t\t\t\t\t\t\t\t<div class=\"wppsac-post-content\">\r\n\t\t\t\t\t<div class=\"wppsac-sub-content\">DESDE EL 9 DE MARZO\u00a0 LA TRACA ABRE LA CONVOCATORIA DE 2026 El concurso de guiones de largometraje de comedia,...<\/div>\r\n\r\n\t\t\t\t\t\t\t\t\t<\/div>\r\n\t\t\t\t\t\t\t<\/div>\r\n\t\t<\/div>\r\n\t\t<div class=\"wppsac-post-image-bg\">\r\n\t\t\t<a href=\"https:\/\/www.edav.es\/es\/abierta-la-convocatoria-de-la-traca\/\">\r\n\t\t\t\t\t\t\t\t<img decoding=\"async\" class=\"wppsac-post-image\"  src=\"https:\/\/www.edav.es\/wp-content\/uploads\/la-traca-horizontal-scaled.jpg\" alt=\"ABIERTA LA CONVOCATORIA DE &#8216;LA TRACA&#8217;\" \/>\r\n\t\t\t\t\t\t\t<\/a>\r\n\t\t<\/div>\r\n\t<\/div>\r\n<\/div><div class=\"wppsac-post-slides\">\r\n\t<div class=\"wppsac-post-content-position\">\r\n\t\t<div class=\"wppsac-post-content-left wp-medium-6 wpcolumns\">\r\n\t\t\t<div class=\"wppsac-post-inner-content\">\r\n\t\t\t\t\r\n\t\t\t\t<h2 class=\"wppsac-post-title\">\r\n\t\t\t\t\t<a href=\"https:\/\/www.edav.es\/es\/one-to-one-xii-edicion-convocatoria-abierta\/\">ONE TO ONE XII EDICI\u00d3N: CONVOCATORIA ABIERTA<\/a>\r\n\t\t\t\t<\/h2>\r\n\r\n\t\t\t\t\t\t\t\t\t<div class=\"wppsac-post-date\">\r\n\t\t\t\t\t\t2 de marzo de 2026\t\t\t\t\t<\/div>\r\n\t\t\t\t\t\t\t\t<div class=\"wppsac-post-content\">\r\n\t\t\t\t\t<div class=\"wppsac-sub-content\">&nbsp; &nbsp; &nbsp; CONVOCATORIA PARA LA SELECCI\u00d3N DE PROYECTOS Evento One to One - XII edici\u00f3n - 2026 QU\u00c9: Evento...<\/div>\r\n\r\n\t\t\t\t\t\t\t\t\t<\/div>\r\n\t\t\t\t\t\t\t<\/div>\r\n\t\t<\/div>\r\n\t\t<div class=\"wppsac-post-image-bg\">\r\n\t\t\t<a href=\"https:\/\/www.edav.es\/es\/one-to-one-xii-edicion-convocatoria-abierta\/\">\r\n\t\t\t\t\t\t\t\t<img decoding=\"async\" class=\"wppsac-post-image\"  src=\"https:\/\/www.edav.es\/wp-content\/uploads\/2026\/03\/EDAV_OnetoOne_horizontal_COLOR-1.jpg\" alt=\"ONE TO ONE XII EDICI\u00d3N: CONVOCATORIA ABIERTA\" \/>\r\n\t\t\t\t\t\t\t<\/a>\r\n\t\t<\/div>\r\n\t<\/div>\r\n<\/div><div class=\"wppsac-post-slides\">\r\n\t<div class=\"wppsac-post-content-position\">\r\n\t\t<div class=\"wppsac-post-content-left wp-medium-6 wpcolumns\">\r\n\t\t\t<div class=\"wppsac-post-inner-content\">\r\n\t\t\t\t\r\n\t\t\t\t<h2 class=\"wppsac-post-title\">\r\n\t\t\t\t\t<a href=\"https:\/\/www.edav.es\/es\/firmamos-un-convenio-de-colaboracion-con-caixa-popular\/\">FIRMAMOS UN CONVENIO DE COLABORACI\u00d3N CON CAIXA POPULAR<\/a>\r\n\t\t\t\t<\/h2>\r\n\r\n\t\t\t\t\t\t\t\t\t<div class=\"wppsac-post-date\">\r\n\t\t\t\t\t\t14 de julio de 2021\t\t\t\t\t<\/div>\r\n\t\t\t\t\t\t\t\t<div class=\"wppsac-post-content\">\r\n\t\t\t\t\t<div class=\"wppsac-sub-content\">Estamos felices de anunciar que hemos firmado un acuerdo con Caixa Popular que ofrece condiciones ventajosas para los socios y...<\/div>\r\n\r\n\t\t\t\t\t\t\t\t\t<\/div>\r\n\t\t\t\t\t\t\t<\/div>\r\n\t\t<\/div>\r\n\t\t<div class=\"wppsac-post-image-bg\">\r\n\t\t\t<a href=\"https:\/\/www.edav.es\/es\/firmamos-un-convenio-de-colaboracion-con-caixa-popular\/\">\r\n\t\t\t\t\t\t\t\t<img decoding=\"async\" class=\"wppsac-post-image\"  src=\"https:\/\/www.edav.es\/wp-content\/uploads\/thumbnail_Caixa-Popular-Logo-copia2.jpg\" alt=\"FIRMAMOS UN CONVENIO DE COLABORACI\u00d3N CON CAIXA POPULAR\" \/>\r\n\t\t\t\t\t\t\t<\/a>\r\n\t\t<\/div>\r\n\t<\/div>\r\n<\/div>\t\t\t<\/div>\r\n\t\t<\/div>\r\n\t\n\n<\/div>\n<\/div>\n\n<div class=\"gb-container gb-container-17c3cf00\">\n\n<div class=\"gb-grid-wrapper gb-grid-wrapper-ed0156b5 gb-query-loop-wrapper\">\n<div class=\"gb-grid-column gb-grid-column-7fe732af gb-query-loop-item post-12351 post type-post status-publish format-standard has-post-thumbnail hentry category-noticias\"><div class=\"gb-container gb-container-7fe732af\">\n<figure class=\"gb-block-image gb-block-image-b170ba8f\"><img loading=\"lazy\" decoding=\"async\" width=\"454\" height=\"340\" src=\"https:\/\/www.edav.es\/wp-content\/uploads\/Autors_en_Curt_negro.png\" class=\"gb-image-b170ba8f\" alt=\"\" srcset=\"https:\/\/www.edav.es\/wp-content\/uploads\/Autors_en_Curt_negro.png 454w, https:\/\/www.edav.es\/wp-content\/uploads\/Autors_en_Curt_negro-300x225.png 300w\" sizes=\"auto, (max-width: 454px) 100vw, 454px\" \/><\/figure>\n\n<h2 class=\"gb-headline gb-headline-bd361844 gb-headline-text\"><a href=\"https:\/\/www.edav.es\/es\/xiv-autors-en-curt\/\">XIV AUTORS EN CURT<\/a><\/h2>\n\n<p class=\"gb-headline gb-headline-c32e6c87 gb-headline-text\"><time class=\"entry-date published\" datetime=\"2026-04-07T12:27:46+02:00\">7 de abril de 2026<\/time><\/p>\n\n<div class=\"gb-headline gb-headline-2f3622b5 gb-headline-text\">XIV EDICI\u00d3N &#8211; 2026 CONVOCATORIA PARA LA SELECCI\u00d3N DE TRABAJOS &nbsp; PRESENTACI\u00d3N DE SOLICITUDES Plazo: Del 7 de abril al 7 de mayo de 2026 &#8230; <a title=\"XIV AUTORS EN CURT\" class=\"read-more\" href=\"https:\/\/www.edav.es\/es\/xiv-autors-en-curt\/\" aria-label=\"Leer m\u00e1s sobre XIV AUTORS EN CURT\">Leer m\u00e1s<\/a><\/div>\n<\/div><\/div>\n\n<div class=\"gb-grid-column gb-grid-column-7fe732af gb-query-loop-item post-12314 post type-post status-publish format-standard has-post-thumbnail hentry category-dstacados\"><div class=\"gb-container gb-container-7fe732af\">\n<figure class=\"gb-block-image gb-block-image-b170ba8f\"><img loading=\"lazy\" decoding=\"async\" width=\"3383\" height=\"665\" src=\"https:\/\/www.edav.es\/wp-content\/uploads\/DAMA_NEGRO_TRANSP.png\" class=\"gb-image-b170ba8f\" alt=\"\" srcset=\"https:\/\/www.edav.es\/wp-content\/uploads\/DAMA_NEGRO_TRANSP.png 3383w, https:\/\/www.edav.es\/wp-content\/uploads\/DAMA_NEGRO_TRANSP-300x59.png 300w, https:\/\/www.edav.es\/wp-content\/uploads\/DAMA_NEGRO_TRANSP-1024x201.png 1024w, https:\/\/www.edav.es\/wp-content\/uploads\/DAMA_NEGRO_TRANSP-768x151.png 768w, https:\/\/www.edav.es\/wp-content\/uploads\/DAMA_NEGRO_TRANSP-1536x302.png 1536w, https:\/\/www.edav.es\/wp-content\/uploads\/DAMA_NEGRO_TRANSP-2048x403.png 2048w\" sizes=\"auto, (max-width: 3383px) 100vw, 3383px\" \/><\/figure>\n\n<h2 class=\"gb-headline gb-headline-bd361844 gb-headline-text\"><a href=\"https:\/\/www.edav.es\/es\/12314\/\">NUEVO CONVENIO CON DAMA PARA 2026<\/a><\/h2>\n\n<p class=\"gb-headline gb-headline-c32e6c87 gb-headline-text\"><time class=\"entry-date published\" datetime=\"2026-03-10T12:46:35+01:00\">10 de marzo de 2026<\/time><\/p>\n\n<div class=\"gb-headline gb-headline-2f3622b5 gb-headline-text\">&nbsp; Firmamos el nuevo convenio con DAMA para 2026 &nbsp; Un a\u00f1o m\u00e1s hemos renovado el convenio de colaboraci\u00f3n con DAMA. Este a\u00f1o, la firma &#8230; <a title=\"NUEVO CONVENIO CON DAMA PARA 2026\" class=\"read-more\" href=\"https:\/\/www.edav.es\/es\/12314\/\" aria-label=\"Leer m\u00e1s sobre NUEVO CONVENIO CON DAMA PARA 2026\">Leer m\u00e1s<\/a><\/div>\n<\/div><\/div>\n\n<div class=\"gb-grid-column gb-grid-column-7fe732af gb-query-loop-item post-12297 post type-post status-publish format-standard has-post-thumbnail hentry category-dstacados category-noticias\"><div class=\"gb-container gb-container-7fe732af\">\n<figure class=\"gb-block-image gb-block-image-b170ba8f\"><img loading=\"lazy\" decoding=\"async\" width=\"2560\" height=\"815\" src=\"https:\/\/www.edav.es\/wp-content\/uploads\/la-traca-horizontal-scaled.jpg\" class=\"gb-image-b170ba8f\" alt=\"\" srcset=\"https:\/\/www.edav.es\/wp-content\/uploads\/la-traca-horizontal-scaled.jpg 2560w, https:\/\/www.edav.es\/wp-content\/uploads\/la-traca-horizontal-300x96.jpg 300w, https:\/\/www.edav.es\/wp-content\/uploads\/la-traca-horizontal-1024x326.jpg 1024w, https:\/\/www.edav.es\/wp-content\/uploads\/la-traca-horizontal-768x245.jpg 768w, https:\/\/www.edav.es\/wp-content\/uploads\/la-traca-horizontal-1536x489.jpg 1536w, https:\/\/www.edav.es\/wp-content\/uploads\/la-traca-horizontal-2048x652.jpg 2048w\" sizes=\"auto, (max-width: 2560px) 100vw, 2560px\" \/><\/figure>\n\n<h2 class=\"gb-headline gb-headline-bd361844 gb-headline-text\"><a href=\"https:\/\/www.edav.es\/es\/abierta-la-convocatoria-de-la-traca\/\">ABIERTA LA CONVOCATORIA DE &#8216;LA TRACA&#8217;<\/a><\/h2>\n\n<p class=\"gb-headline gb-headline-c32e6c87 gb-headline-text\"><time class=\"entry-date published\" datetime=\"2026-03-09T09:26:20+01:00\">9 de marzo de 2026<\/time><\/p>\n\n<div class=\"gb-headline gb-headline-2f3622b5 gb-headline-text\">DESDE EL 9 DE MARZO\u00a0 LA TRACA ABRE LA CONVOCATORIA DE 2026 El concurso de guiones de largometraje de comedia, que organiza la asociaci\u00f3n de &#8230; <a title=\"ABIERTA LA CONVOCATORIA DE &#8216;LA TRACA&#8217;\" class=\"read-more\" href=\"https:\/\/www.edav.es\/es\/abierta-la-convocatoria-de-la-traca\/\" aria-label=\"Leer m\u00e1s sobre ABIERTA LA CONVOCATORIA DE &#8216;LA TRACA&#8217;\">Leer m\u00e1s<\/a><\/div>\n<\/div><\/div>\n\n<div class=\"gb-grid-column gb-grid-column-7fe732af gb-query-loop-item post-12286 post type-post status-publish format-standard has-post-thumbnail hentry category-dstacados category-noticias\"><div class=\"gb-container gb-container-7fe732af\">\n<figure class=\"gb-block-image gb-block-image-b170ba8f\"><img loading=\"lazy\" decoding=\"async\" width=\"1241\" height=\"1241\" src=\"https:\/\/www.edav.es\/wp-content\/uploads\/2026\/03\/EDAV_OnetoOne_horizontal_COLOR-1.jpg\" class=\"gb-image-b170ba8f\" alt=\"\" srcset=\"https:\/\/www.edav.es\/wp-content\/uploads\/2026\/03\/EDAV_OnetoOne_horizontal_COLOR-1.jpg 1241w, https:\/\/www.edav.es\/wp-content\/uploads\/2026\/03\/EDAV_OnetoOne_horizontal_COLOR-1-300x300.jpg 300w, https:\/\/www.edav.es\/wp-content\/uploads\/2026\/03\/EDAV_OnetoOne_horizontal_COLOR-1-1024x1024.jpg 1024w, https:\/\/www.edav.es\/wp-content\/uploads\/2026\/03\/EDAV_OnetoOne_horizontal_COLOR-1-150x150.jpg 150w, https:\/\/www.edav.es\/wp-content\/uploads\/2026\/03\/EDAV_OnetoOne_horizontal_COLOR-1-768x768.jpg 768w\" sizes=\"auto, (max-width: 1241px) 100vw, 1241px\" \/><\/figure>\n\n<h2 class=\"gb-headline gb-headline-bd361844 gb-headline-text\"><a href=\"https:\/\/www.edav.es\/es\/one-to-one-xii-edicion-convocatoria-abierta\/\">ONE TO ONE XII EDICI\u00d3N: CONVOCATORIA ABIERTA<\/a><\/h2>\n\n<p class=\"gb-headline gb-headline-c32e6c87 gb-headline-text\"><time class=\"entry-date published\" datetime=\"2026-03-02T10:11:14+01:00\">2 de marzo de 2026<\/time><\/p>\n\n<div class=\"gb-headline gb-headline-2f3622b5 gb-headline-text\">&nbsp; &nbsp; &nbsp; CONVOCATORIA PARA LA SELECCI\u00d3N DE PROYECTOS Evento One to One &#8211; XII edici\u00f3n &#8211; 2026 QU\u00c9: Evento de pitch y reuniones uno &#8230; <a title=\"ONE TO ONE XII EDICI\u00d3N: CONVOCATORIA ABIERTA\" class=\"read-more\" href=\"https:\/\/www.edav.es\/es\/one-to-one-xii-edicion-convocatoria-abierta\/\" aria-label=\"Leer m\u00e1s sobre ONE TO ONE XII EDICI\u00d3N: CONVOCATORIA ABIERTA\">Leer m\u00e1s<\/a><\/div>\n<\/div><\/div>\n\n<div class=\"gb-grid-column gb-grid-column-7fe732af gb-query-loop-item post-12115 post type-post status-publish format-standard has-post-thumbnail hentry category-noticias\"><div class=\"gb-container gb-container-7fe732af\">\n<figure class=\"gb-block-image gb-block-image-b170ba8f\"><img loading=\"lazy\" decoding=\"async\" width=\"1200\" height=\"900\" src=\"https:\/\/www.edav.es\/wp-content\/uploads\/2025\/09\/guanyador-vii-edicio-la-traca-home.jpg\" class=\"gb-image-b170ba8f\" alt=\"Entrega premi al guanyador de la VII edici\u00f3 del concurs La Traca\" srcset=\"https:\/\/www.edav.es\/wp-content\/uploads\/2025\/09\/guanyador-vii-edicio-la-traca-home.jpg 1200w, https:\/\/www.edav.es\/wp-content\/uploads\/2025\/09\/guanyador-vii-edicio-la-traca-home-300x225.jpg 300w, https:\/\/www.edav.es\/wp-content\/uploads\/2025\/09\/guanyador-vii-edicio-la-traca-home-1024x768.jpg 1024w, https:\/\/www.edav.es\/wp-content\/uploads\/2025\/09\/guanyador-vii-edicio-la-traca-home-768x576.jpg 768w\" sizes=\"auto, (max-width: 1200px) 100vw, 1200px\" \/><\/figure>\n\n<h2 class=\"gb-headline gb-headline-bd361844 gb-headline-text\"><a href=\"https:\/\/www.edav.es\/es\/el-gallego-luis-miles-gana-la-vii-edicion-de-la-traca\/\">El gallego Luis Miles gana la VII edici\u00f3n de La Traca<\/a><\/h2>\n\n<p class=\"gb-headline gb-headline-c32e6c87 gb-headline-text\"><time class=\"entry-date published\" datetime=\"2025-09-26T12:00:49+02:00\">26 de septiembre de 2025<\/time><\/p>\n\n<div class=\"gb-headline gb-headline-2f3622b5 gb-headline-text\">La comedia \u201cAmparo, pero no olvido\u201d, del guionista Luis Miles, ha resultado ganadora de esta s\u00e9ptima edici\u00f3n del concurso que convoca EDAV, la asociaci\u00f3n de &#8230; <a title=\"El gallego Luis Miles gana la VII edici\u00f3n de La Traca\" class=\"read-more\" href=\"https:\/\/www.edav.es\/es\/el-gallego-luis-miles-gana-la-vii-edicion-de-la-traca\/\" aria-label=\"Leer m\u00e1s sobre El gallego Luis Miles gana la VII edici\u00f3n de La Traca\">Leer m\u00e1s<\/a><\/div>\n<\/div><\/div>\n\n<div class=\"gb-grid-column gb-grid-column-7fe732af gb-query-loop-item post-12071 post type-post status-publish format-standard has-post-thumbnail hentry category-noticias\"><div class=\"gb-container gb-container-7fe732af\">\n<figure class=\"gb-block-image gb-block-image-b170ba8f\"><img loading=\"lazy\" decoding=\"async\" width=\"1200\" height=\"420\" src=\"https:\/\/www.edav.es\/wp-content\/uploads\/2025\/09\/finalistes-vii-edicio-la-traca-home-2.jpg\" class=\"gb-image-b170ba8f\" alt=\"\" srcset=\"https:\/\/www.edav.es\/wp-content\/uploads\/2025\/09\/finalistes-vii-edicio-la-traca-home-2.jpg 1200w, https:\/\/www.edav.es\/wp-content\/uploads\/2025\/09\/finalistes-vii-edicio-la-traca-home-2-300x105.jpg 300w, https:\/\/www.edav.es\/wp-content\/uploads\/2025\/09\/finalistes-vii-edicio-la-traca-home-2-1024x358.jpg 1024w, https:\/\/www.edav.es\/wp-content\/uploads\/2025\/09\/finalistes-vii-edicio-la-traca-home-2-768x269.jpg 768w\" sizes=\"auto, (max-width: 1200px) 100vw, 1200px\" \/><\/figure>\n\n<h2 class=\"gb-headline gb-headline-bd361844 gb-headline-text\"><a href=\"https:\/\/www.edav.es\/es\/finalistas-vii-edicion-traca\/\">ESTOS SON LOS FINALISTAS DE LA VII EDICI\u00d3N DE LA TRACA<\/a><\/h2>\n\n<p class=\"gb-headline gb-headline-c32e6c87 gb-headline-text\"><time class=\"entry-date published\" datetime=\"2025-09-12T16:21:19+02:00\">12 de septiembre de 2025<\/time><\/p>\n\n<div class=\"gb-headline gb-headline-2f3622b5 gb-headline-text\">LOS GUIONISTAS ALFONSO AMADOR, LUIS MILES Y SANTI SANMART\u00cdN OPTAR\u00c1N AL PREMIO \u201cLA TRACA\u201d AL MEJOR GUI\u00d3N DE LARGOMETRAJE DE COMEDIA DE 2025 El ganador &#8230; <a title=\"ESTOS SON LOS FINALISTAS DE LA VII EDICI\u00d3N DE LA TRACA\" class=\"read-more\" href=\"https:\/\/www.edav.es\/es\/finalistas-vii-edicion-traca\/\" aria-label=\"Leer m\u00e1s sobre ESTOS SON LOS FINALISTAS DE LA VII EDICI\u00d3N DE LA TRACA\">Leer m\u00e1s<\/a><\/div>\n<\/div><\/div>\n\n<div class=\"gb-grid-column gb-grid-column-7fe732af gb-query-loop-item post-11886 post type-post status-publish format-standard has-post-thumbnail hentry category-noticias\"><div class=\"gb-container gb-container-7fe732af\">\n<figure class=\"gb-block-image gb-block-image-b170ba8f\"><img loading=\"lazy\" decoding=\"async\" width=\"2560\" height=\"1703\" src=\"https:\/\/www.edav.es\/wp-content\/uploads\/2025\/07\/270_DSC0137-scaled.jpg\" class=\"gb-image-b170ba8f\" alt=\"\" srcset=\"https:\/\/www.edav.es\/wp-content\/uploads\/2025\/07\/270_DSC0137-scaled.jpg 2560w, https:\/\/www.edav.es\/wp-content\/uploads\/2025\/07\/270_DSC0137-300x200.jpg 300w, https:\/\/www.edav.es\/wp-content\/uploads\/2025\/07\/270_DSC0137-1024x681.jpg 1024w, https:\/\/www.edav.es\/wp-content\/uploads\/2025\/07\/270_DSC0137-768x511.jpg 768w, https:\/\/www.edav.es\/wp-content\/uploads\/2025\/07\/270_DSC0137-1536x1022.jpg 1536w, https:\/\/www.edav.es\/wp-content\/uploads\/2025\/07\/270_DSC0137-2048x1363.jpg 2048w\" sizes=\"auto, (max-width: 2560px) 100vw, 2560px\" \/><\/figure>\n\n<h2 class=\"gb-headline gb-headline-bd361844 gb-headline-text\"><a href=\"https:\/\/www.edav.es\/es\/30-anos-de-edav\/\">30 a\u00f1os de EDAV<\/a><\/h2>\n\n<p class=\"gb-headline gb-headline-c32e6c87 gb-headline-text\"><time class=\"entry-date published\" datetime=\"2025-07-14T13:42:56+02:00\">14 de julio de 2025<\/time><\/p>\n\n<div class=\"gb-headline gb-headline-2f3622b5 gb-headline-text\">En 1995, un grupo de guionistas valencianos con m\u00e1s sue\u00f1os que certezas decidi\u00f3 que era hora de organizarse. Lo hicieron en bares, en talleres, en &#8230; <a title=\"30 a\u00f1os de EDAV\" class=\"read-more\" href=\"https:\/\/www.edav.es\/es\/30-anos-de-edav\/\" aria-label=\"Leer m\u00e1s sobre 30 a\u00f1os de EDAV\">Leer m\u00e1s<\/a><\/div>\n<\/div><\/div>\n\n<div class=\"gb-grid-column gb-grid-column-7fe732af gb-query-loop-item post-11875 post type-post status-publish format-standard has-post-thumbnail hentry category-noticias\"><div class=\"gb-container gb-container-7fe732af\">\n<figure class=\"gb-block-image gb-block-image-b170ba8f\"><img loading=\"lazy\" decoding=\"async\" width=\"1600\" height=\"1200\" src=\"https:\/\/www.edav.es\/wp-content\/uploads\/2025\/07\/WhatsApp-Image-2025-07-01-at-12.05.47.jpeg\" class=\"gb-image-b170ba8f\" alt=\"\" srcset=\"https:\/\/www.edav.es\/wp-content\/uploads\/2025\/07\/WhatsApp-Image-2025-07-01-at-12.05.47.jpeg 1600w, https:\/\/www.edav.es\/wp-content\/uploads\/2025\/07\/WhatsApp-Image-2025-07-01-at-12.05.47-300x225.jpeg 300w, https:\/\/www.edav.es\/wp-content\/uploads\/2025\/07\/WhatsApp-Image-2025-07-01-at-12.05.47-1024x768.jpeg 1024w, https:\/\/www.edav.es\/wp-content\/uploads\/2025\/07\/WhatsApp-Image-2025-07-01-at-12.05.47-768x576.jpeg 768w, https:\/\/www.edav.es\/wp-content\/uploads\/2025\/07\/WhatsApp-Image-2025-07-01-at-12.05.47-1536x1152.jpeg 1536w\" sizes=\"auto, (max-width: 1600px) 100vw, 1600px\" \/><\/figure>\n\n<h2 class=\"gb-headline gb-headline-bd361844 gb-headline-text\"><a href=\"https:\/\/www.edav.es\/es\/estudio-la-profesion-de-guionista-en-espana\/\">ESTUDIO: LA PROFESI\u00d3N DE GUIONISTA EN ESPA\u00d1A<\/a><\/h2>\n\n<p class=\"gb-headline gb-headline-c32e6c87 gb-headline-text\"><time class=\"entry-date published\" datetime=\"2025-07-02T11:41:42+02:00\">2 de julio de 2025<\/time><\/p>\n\n<div class=\"gb-headline gb-headline-2f3622b5 gb-headline-text\">Las entidades profesionales ALMA, DAMA, FAGA y Fundaci\u00f3n SGAE presentan el estudio \u2018La profesi\u00f3n de guionista en Espa\u00f1a\u2019 El estudio concluye que el colectivo de &#8230; <a title=\"ESTUDIO: LA PROFESI\u00d3N DE GUIONISTA EN ESPA\u00d1A\" class=\"read-more\" href=\"https:\/\/www.edav.es\/es\/estudio-la-profesion-de-guionista-en-espana\/\" aria-label=\"Leer m\u00e1s sobre ESTUDIO: LA PROFESI\u00d3N DE GUIONISTA EN ESPA\u00d1A\">Leer m\u00e1s<\/a><\/div>\n<\/div><\/div>\n\n<div class=\"gb-grid-column gb-grid-column-7fe732af gb-query-loop-item post-11643 post type-post status-publish format-standard has-post-thumbnail hentry category-noticias\"><div class=\"gb-container gb-container-7fe732af\">\n<figure class=\"gb-block-image gb-block-image-b170ba8f\"><img loading=\"lazy\" decoding=\"async\" width=\"2560\" height=\"1920\" src=\"https:\/\/www.edav.es\/wp-content\/uploads\/2025\/05\/IMG_7554-scaled.jpg\" class=\"gb-image-b170ba8f\" alt=\"\" srcset=\"https:\/\/www.edav.es\/wp-content\/uploads\/2025\/05\/IMG_7554-scaled.jpg 2560w, https:\/\/www.edav.es\/wp-content\/uploads\/2025\/05\/IMG_7554-300x225.jpg 300w, https:\/\/www.edav.es\/wp-content\/uploads\/2025\/05\/IMG_7554-1024x768.jpg 1024w, https:\/\/www.edav.es\/wp-content\/uploads\/2025\/05\/IMG_7554-768x576.jpg 768w, https:\/\/www.edav.es\/wp-content\/uploads\/2025\/05\/IMG_7554-1536x1152.jpg 1536w, https:\/\/www.edav.es\/wp-content\/uploads\/2025\/05\/IMG_7554-2048x1536.jpg 2048w\" sizes=\"auto, (max-width: 2560px) 100vw, 2560px\" \/><\/figure>\n\n<h2 class=\"gb-headline gb-headline-bd361844 gb-headline-text\"><a href=\"https:\/\/www.edav.es\/es\/1t1-2025-estos-son-los-proyectos-seleccionados\/\">1T1 2025: ESTOS SON LOS PROYECTOS SELECCIONADOS<\/a><\/h2>\n\n<p class=\"gb-headline gb-headline-c32e6c87 gb-headline-text\"><time class=\"entry-date published\" datetime=\"2025-05-13T12:50:25+02:00\">13 de mayo de 2025<\/time><\/p>\n\n<div class=\"gb-headline gb-headline-2f3622b5 gb-headline-text\">Ya est\u00e1n definidos los doce proyectos que dar\u00e1n vida a la und\u00e9cima edici\u00f3n del evento One to One de EDAV y la Fundaci\u00f3n SGAE, que &#8230; <a title=\"1T1 2025: ESTOS SON LOS PROYECTOS SELECCIONADOS\" class=\"read-more\" href=\"https:\/\/www.edav.es\/es\/1t1-2025-estos-son-los-proyectos-seleccionados\/\" aria-label=\"Leer m\u00e1s sobre 1T1 2025: ESTOS SON LOS PROYECTOS SELECCIONADOS\">Leer m\u00e1s<\/a><\/div>\n<\/div><\/div>\n<\/div>\n\n<\/div>","protected":false},"excerpt":{"rendered":"","protected":false},"author":205,"featured_media":0,"parent":0,"menu_order":0,"comment_status":"closed","ping_status":"closed","template":"","meta":{"_acf_changed":false,"generate_page_header":"","footnotes":""},"class_list":["post-11517","page","type-page","status-publish","hentry","infinite-scroll-item","masonry-post","generate-columns","tablet-grid-50","mobile-grid-100","grid-parent","grid-50"],"acf":[],"aioseo_notices":[],"_links":{"self":[{"href":"https:\/\/www.edav.es\/es\/wp-json\/wp\/v2\/pages\/11517","targetHints":{"allow":["GET"]}}],"collection":[{"href":"https:\/\/www.edav.es\/es\/wp-json\/wp\/v2\/pages"}],"about":[{"href":"https:\/\/www.edav.es\/es\/wp-json\/wp\/v2\/types\/page"}],"author":[{"embeddable":true,"href":"https:\/\/www.edav.es\/es\/wp-json\/wp\/v2\/users\/205"}],"replies":[{"embeddable":true,"href":"https:\/\/www.edav.es\/es\/wp-json\/wp\/v2\/comments?post=11517"}],"version-history":[{"count":3,"href":"https:\/\/www.edav.es\/es\/wp-json\/wp\/v2\/pages\/11517\/revisions"}],"predecessor-version":[{"id":12129,"href":"https:\/\/www.edav.es\/es\/wp-json\/wp\/v2\/pages\/11517\/revisions\/12129"}],"wp:attachment":[{"href":"https:\/\/www.edav.es\/es\/wp-json\/wp\/v2\/media?parent=11517"}],"curies":[{"name":"wp","href":"https:\/\/api.w.org\/{rel}","templated":true}]}}