{"id":17,"date":"2011-07-25T07:43:46","date_gmt":"2011-07-25T06:43:46","guid":{"rendered":"http:\/\/www.edav.es\/?page_id=17"},"modified":"2018-03-25T15:13:10","modified_gmt":"2018-03-25T14:13:10","slug":"servicios","status":"publish","type":"page","link":"https:\/\/www.edav.es\/es\/edav\/servicios\/","title":{"rendered":"SERVICIOS"},"content":{"rendered":"<h2>Asesor\u00eda legal, fiscal, laboral y contable<\/h2>\n<p>EDAV tiene un acuerdo con <strong>Bot\u00e0nic Consult, <\/strong>que incluye un servicio de consultor\u00eda y servicios en materia fiscal y laboral, con tarifas reducidas para los socios de EDAV. Adem\u00e1s, nuestros socios disfrutan de tarifas especiales\u00a0con un despacho de abogados especializado para\u00a0consultas y servicios\u00a0legales.<\/p>\n<h2>Informaci\u00f3n, actividades, formaci\u00f3n<\/h2>\n<p>EDAV organiza diferentes actividades, cursos y talleres encaminados a formar e informar a los profesionales del sector.<\/p>\n<p>En primer lugar, ofrece a los socios informaci\u00f3n sobre las novedades del sector, como convocatorias, concursos, becas, nuevas publicaciones u ofertas de trabajo enviadas semanalmente por correo electr\u00f3nico.<\/p>\n<p>Se llevan a cabo diversas actividades encaminadas a la dinamizaci\u00f3n del sector audiovisual valenciano, tales como presentaciones p\u00fablicas de guiones, encuentros profesionales o la publicaci\u00f3n de estudios sobre la situaci\u00f3n de la profesi\u00f3n de guionista en la Comunidad Valenciana.<\/p>\n<p>Por otro lado tambi\u00e9n destaca la oferta de actividades formativas, entre ellas cursos, talleres y seminarios relacionados con el mundo del gui\u00f3n, con diferentes ventajas para los socios. Adem\u00e1s tambi\u00e9n se les informa de otras actividades ajenas a la asociaci\u00f3n u organizadas por los propios socios.<\/p>\n","protected":false},"excerpt":{"rendered":"<p>Asesor\u00eda legal, fiscal, laboral y contable EDAV tiene un acuerdo con Bot\u00e0nic Consult, que incluye un servicio de consultor\u00eda y servicios en materia fiscal y laboral, con tarifas reducidas para los socios de EDAV. Adem\u00e1s, nuestros socios disfrutan de tarifas especiales\u00a0con un despacho de abogados especializado para\u00a0consultas y servicios\u00a0legales. Informaci\u00f3n, actividades, formaci\u00f3n EDAV organiza diferentes &#8230; <a title=\"SERVICIOS\" class=\"read-more\" href=\"https:\/\/www.edav.es\/es\/edav\/servicios\/\" aria-label=\"Leer m\u00e1s sobre SERVICIOS\">Leer m\u00e1s<\/a><\/p>\n","protected":false},"author":5,"featured_media":0,"parent":15,"menu_order":20,"comment_status":"closed","ping_status":"closed","template":"","meta":{"_acf_changed":false,"generate_page_header":"","footnotes":""},"class_list":{"0":"post-17","1":"page","2":"type-page","3":"status-publish","5":"infinite-scroll-item"},"acf":[],"aioseo_notices":[],"_links":{"self":[{"href":"https:\/\/www.edav.es\/es\/wp-json\/wp\/v2\/pages\/17","targetHints":{"allow":["GET"]}}],"collection":[{"href":"https:\/\/www.edav.es\/es\/wp-json\/wp\/v2\/pages"}],"about":[{"href":"https:\/\/www.edav.es\/es\/wp-json\/wp\/v2\/types\/page"}],"author":[{"embeddable":true,"href":"https:\/\/www.edav.es\/es\/wp-json\/wp\/v2\/users\/5"}],"replies":[{"embeddable":true,"href":"https:\/\/www.edav.es\/es\/wp-json\/wp\/v2\/comments?post=17"}],"version-history":[{"count":13,"href":"https:\/\/www.edav.es\/es\/wp-json\/wp\/v2\/pages\/17\/revisions"}],"predecessor-version":[{"id":3624,"href":"https:\/\/www.edav.es\/es\/wp-json\/wp\/v2\/pages\/17\/revisions\/3624"}],"up":[{"embeddable":true,"href":"https:\/\/www.edav.es\/es\/wp-json\/wp\/v2\/pages\/15"}],"wp:attachment":[{"href":"https:\/\/www.edav.es\/es\/wp-json\/wp\/v2\/media?parent=17"}],"curies":[{"name":"wp","href":"https:\/\/api.w.org\/{rel}","templated":true}]}}