{"id":186,"date":"2011-09-14T08:13:24","date_gmt":"2011-09-14T07:13:24","guid":{"rendered":"http:\/\/www.edav.es\/?page_id=186"},"modified":"2018-03-25T15:13:10","modified_gmt":"2018-03-25T14:13:10","slug":"descuentos","status":"publish","type":"page","link":"https:\/\/www.edav.es\/es\/edav\/descuentos\/","title":{"rendered":"DESCUENTOS"},"content":{"rendered":"<p>Estamos cerrando varios convenios para conseguir descuentos con varias empresas y entidades, que se ir\u00e1n publicando en esta p\u00e1gina.<\/p>\n<h2>Del 20 al 30% en las salas de la FETI<\/h2>\n<p>Escriptors de l&#8217;Audiovisual Valenci\u00e0 (EDAV) y la Federaci\u00f3n de Espacios Teatrales Independientes (FETI) han firmado un convenio mediante el cual los socios de EDAV pueden beneficiarse de un descuento en la entrada a todas las salas que integran la federaci\u00f3n. El descuento aplicado depende de cada una de las salas, y var\u00eda entre un 20 y un 30% del precio habitual.<\/p>\n<p>Para que este descuento sea efectivo, s\u00f3lo ten\u00e9is que presentar vuestro carnet de socio en taquilla.<\/p>\n<p>Actualmente las salas de la FETI con programaci\u00f3n son Carme Teatre, Espacios Inestable, Teatro C\u00edrculo en Valencia y La Columna Teatro de Puerto de Sagunto.<\/p>\n<p>M\u00e1s informaci\u00f3n sobre la FETI y sus salas: <a title=\"FETI\" href=\"http:\/\/www.fetivalencia.com\">www.fetivalencia.com<\/a><\/p>\n<h2>Videoclub V.O. (Versi\u00f3n Original)<\/h2>\n<p>Este establecimiento, situado junto a las Torres de Quart, es conocido por la calidad de las pel\u00edculas que ofrece, desde cl\u00e1sicos hasta cintas de poca circulaci\u00f3n, con un cat\u00e1logo que sobrepasa los 5000 t\u00edtulos.<\/p>\n<p>Presentando el carnet de socio EDAV podr\u00e9is alquilar las pel\u00edculas a tan solo 2,30\u20ac, adquiriendo la primera vez un bono de 10 pel\u00edculas (a 23\u20ac). Una vez agotado este bono, podr\u00e9is alquilar las cintas de una en una, manteniendo la oferta de 2,30\u20ac cada una.<\/p>\n<p>V.O.: c\/Turia, 26; 963 380 855; <a href=\"http:\/\/www.version-original.es\">www.version-original.es<\/a><\/p>\n<h2>Acceso a los fondos audiovisuales del IVAC<\/h2>\n<p>Los socios de EDAV pueden acceder a los fondos de la videoteca del Instituto Valenciano del Audiovisual y la Cinematograf\u00eda, a diferencia de muchos otros usuarios, ya que este servicio del IVAC tiene el acceso restringido.<\/p>\n<p>Estos fondos est\u00e1n compuestos por m\u00e1s de 20.000 t\u00edtulos, pertenecientes tanto al archivo cinematogr\u00e1fico como al videogr\u00e1fico, y que se conservan en todos los soportes y formatos. Entre ellos se encuentra un amplio espectro de producciones de cine valenciano, espa\u00f1ol y extranjero de todas las \u00e9pocas, muchas de las cuales tienen un alto valor hist\u00f3rico y cultural y son de dif\u00edcil localizaci\u00f3n, incluso materiales \u00fanicos que s\u00f3lo se conservan en el archivo del IVAC.<\/p>\n<p>Los t\u00edtulos pueden consultarse en el siguiente enlace: <a href=\"http:\/\/ivac.gva.es\/la-filmoteca\/videoteca\/acceso-fondos-audiovisuales-videoteca\">http:\/\/ivac.gva.es\/la-filmoteca\/videoteca\/acceso-fondos-audiovisuales-videoteca<\/a><\/p>\n<h2>Librer\u00eda Railowsky<\/h2>\n<p>Situada junto al Mercado de Col\u00f3n, es una de las librer\u00edas con m\u00e1s solera de la ciudad de Valencia, y est\u00e1 especializada en Fotograf\u00eda y Cine. Los socios y socias de EDAV tienen un 5% de descuento en sus compras.<\/p>\n<h2>Teatro Flumen y Teatre El Micalet<\/h2>\n<p>Ambos espacios teatrales ofrecen promociones y descuentos puntuales a los asociados y asociadas de EDAV.\u00a0Estad atentos a la Newsletter que recib\u00eds semanalmente.<\/p>\n<h2>Safe Creative<\/h2>\n<p>Safecreative ofrece un descuento del 15% sobre la tarifa vigente en sus \u00abcuentas profesionales\u00bb contratadas por socios de EDAV. El descuento se aplicar\u00e1 en la primera contrataci\u00f3n o alta de esos servicios . Para obtener el descuento, los socios deben dirigirse a su oficina de coordinaci\u00f3n (<a href=\"mailto:info@edav.es\">info@edav.es<\/a>) para la obtenci\u00f3n de un c\u00f3digo que deber\u00e1n introducir durante el proceso de contrataci\u00f3n del servicio. M\u00e1s informaci\u00f3n y registro en\u00a0<a href=\"http:\/\/www.safecreative.org\/\">www.safecreative.org<\/a><\/p>\n","protected":false},"excerpt":{"rendered":"<p>Estamos cerrando varios convenios para conseguir descuentos con varias empresas y entidades, que se ir\u00e1n publicando en esta p\u00e1gina. Del 20 al 30% en las salas de la FETI Escriptors de l&#8217;Audiovisual Valenci\u00e0 (EDAV) y la Federaci\u00f3n de Espacios Teatrales Independientes (FETI) han firmado un convenio mediante el cual los socios de EDAV pueden beneficiarse &#8230; <a title=\"DESCUENTOS\" class=\"read-more\" href=\"https:\/\/www.edav.es\/es\/edav\/descuentos\/\" aria-label=\"Leer m\u00e1s sobre DESCUENTOS\">Leer m\u00e1s<\/a><\/p>\n","protected":false},"author":318,"featured_media":0,"parent":15,"menu_order":20,"comment_status":"closed","ping_status":"closed","template":"","meta":{"_acf_changed":false,"generate_page_header":"","footnotes":""},"class_list":{"0":"post-186","1":"page","2":"type-page","3":"status-publish","5":"infinite-scroll-item"},"acf":[],"aioseo_notices":[],"_links":{"self":[{"href":"https:\/\/www.edav.es\/es\/wp-json\/wp\/v2\/pages\/186","targetHints":{"allow":["GET"]}}],"collection":[{"href":"https:\/\/www.edav.es\/es\/wp-json\/wp\/v2\/pages"}],"about":[{"href":"https:\/\/www.edav.es\/es\/wp-json\/wp\/v2\/types\/page"}],"author":[{"embeddable":true,"href":"https:\/\/www.edav.es\/es\/wp-json\/wp\/v2\/users\/318"}],"replies":[{"embeddable":true,"href":"https:\/\/www.edav.es\/es\/wp-json\/wp\/v2\/comments?post=186"}],"version-history":[{"count":13,"href":"https:\/\/www.edav.es\/es\/wp-json\/wp\/v2\/pages\/186\/revisions"}],"predecessor-version":[{"id":3616,"href":"https:\/\/www.edav.es\/es\/wp-json\/wp\/v2\/pages\/186\/revisions\/3616"}],"up":[{"embeddable":true,"href":"https:\/\/www.edav.es\/es\/wp-json\/wp\/v2\/pages\/15"}],"wp:attachment":[{"href":"https:\/\/www.edav.es\/es\/wp-json\/wp\/v2\/media?parent=186"}],"curies":[{"name":"wp","href":"https:\/\/api.w.org\/{rel}","templated":true}]}}