{"id":19,"date":"2011-07-25T07:44:03","date_gmt":"2011-07-25T06:44:03","guid":{"rendered":"http:\/\/www.edav.es\/?page_id=19"},"modified":"2026-03-11T11:26:24","modified_gmt":"2026-03-11T10:26:24","slug":"asociate","status":"publish","type":"page","link":"https:\/\/www.edav.es\/es\/asociate\/","title":{"rendered":"AS\u00d3CIATE"},"content":{"rendered":"<p>En EDAV hay cabida tanto para aquellos profesionales consagrados en el mundo del gui\u00f3n audiovisual como para aquellos que est\u00e1n empezando. Por ello existen dos modalidades de socios, el socio de pleno derecho, aquel que ya tiene obra estrenada donde figuran sus primeros cr\u00e9ditos como autor; y el socio adherido, que no tiene obra estrenada y se inicia en la profesi\u00f3n, pero posee una obra depositada en el Registro de la Propiedad Intelectual.<\/p>\n<p>El socio de pleno derecho tiene voz y voto en la asamblea y puede ser elegido para cargos directivos y de representaci\u00f3n; el socio adherido tiene voz pero no voto y no puede ser elegido para cargos directivos o de representaci\u00f3n.<\/p>\n<p>Asimismo las cuotas est\u00e1n diferenciadas en:<\/p>\n<p><strong>CUOTAS DE SOCIO DE PLENO DERECHO:<br \/>\n<\/strong>Cuota anual:\u00a0 100 \u20ac (Brutos. En un \u00fanico pago).<\/p>\n<p><strong>CUOTAS DE SOCIO ADHERIDO:<br \/>\n<\/strong>Cuota anual: 60 \u20ac\u00a0(Brutos. En un \u00fanico\u00a0pago).<\/p>\n<h2>\u00bfQuieres ser socio? Rellena el siguiente formulario<\/h2>\n\n<div class=\"wpcf7 no-js\" id=\"wpcf7-f1840-o1\" lang=\"en-US\" dir=\"ltr\" data-wpcf7-id=\"1840\">\n<div class=\"screen-reader-response\"><p role=\"status\" aria-live=\"polite\" aria-atomic=\"true\"><\/p> <ul><\/ul><\/div>\n<form action=\"\/es\/wp-json\/wp\/v2\/pages\/19#wpcf7-f1840-o1\" method=\"post\" class=\"wpcf7-form init\" aria-label=\"Contact form\" novalidate=\"novalidate\" data-status=\"init\">\n<fieldset class=\"hidden-fields-container\"><input type=\"hidden\" name=\"_wpcf7\" value=\"1840\" \/><input type=\"hidden\" name=\"_wpcf7_version\" value=\"6.1.5\" \/><input type=\"hidden\" name=\"_wpcf7_locale\" value=\"en_US\" \/><input type=\"hidden\" name=\"_wpcf7_unit_tag\" value=\"wpcf7-f1840-o1\" \/><input type=\"hidden\" name=\"_wpcf7_container_post\" value=\"0\" \/><input type=\"hidden\" name=\"_wpcf7_posted_data_hash\" value=\"\" \/>\n<\/fieldset>\n<p>Nombre y apellidos *:\n<\/p>\n<p><span class=\"wpcf7-form-control-wrap\" data-name=\"nombre\"><input size=\"40\" maxlength=\"400\" class=\"wpcf7-form-control wpcf7-text wpcf7-validates-as-required\" aria-required=\"true\" aria-invalid=\"false\" value=\"\" type=\"text\" name=\"nombre\" \/><\/span>\n<\/p>\n<p>DNI *:\n<\/p>\n<p><span class=\"wpcf7-form-control-wrap\" data-name=\"dni\"><input size=\"40\" maxlength=\"400\" class=\"wpcf7-form-control wpcf7-text wpcf7-validates-as-required\" aria-required=\"true\" aria-invalid=\"false\" value=\"\" type=\"text\" name=\"dni\" \/><\/span>\n<\/p>\n<p>Domicilio *:\n<\/p>\n<p><span class=\"wpcf7-form-control-wrap\" data-name=\"domicilio\"><input size=\"40\" maxlength=\"400\" class=\"wpcf7-form-control wpcf7-text wpcf7-validates-as-required\" aria-required=\"true\" aria-invalid=\"false\" value=\"\" type=\"text\" name=\"domicilio\" \/><\/span>\n<\/p>\n<p>Poblaci\u00f3n *:\n<\/p>\n<p><span class=\"wpcf7-form-control-wrap\" data-name=\"poblacion\"><input size=\"40\" maxlength=\"400\" class=\"wpcf7-form-control wpcf7-text wpcf7-validates-as-required\" aria-required=\"true\" aria-invalid=\"false\" value=\"\" type=\"text\" name=\"poblacion\" \/><\/span>\n<\/p>\n<p>C\u00f3digo postal *:\n<\/p>\n<p><span class=\"wpcf7-form-control-wrap\" data-name=\"codigo-postal\"><input size=\"40\" maxlength=\"400\" class=\"wpcf7-form-control wpcf7-text wpcf7-validates-as-required\" aria-required=\"true\" aria-invalid=\"false\" value=\"\" type=\"text\" name=\"codigo-postal\" \/><\/span>\n<\/p>\n<p>Tel\u00e9fono fijo:\n<\/p>\n<p><span class=\"wpcf7-form-control-wrap\" data-name=\"telefono-fijo\"><input size=\"40\" maxlength=\"400\" class=\"wpcf7-form-control wpcf7-text\" aria-invalid=\"false\" value=\"\" type=\"text\" name=\"telefono-fijo\" \/><\/span>\n<\/p>\n<p>Tel\u00e9fono m\u00f3vil *:\n<\/p>\n<p><span class=\"wpcf7-form-control-wrap\" data-name=\"telefono-movil\"><input size=\"40\" maxlength=\"400\" class=\"wpcf7-form-control wpcf7-text wpcf7-validates-as-required\" aria-required=\"true\" aria-invalid=\"false\" value=\"\" type=\"text\" name=\"telefono-movil\" \/><\/span>\n<\/p>\n<p>Tu Email *:\n<\/p>\n<p><span class=\"wpcf7-form-control-wrap\" data-name=\"email\"><input size=\"40\" maxlength=\"400\" class=\"wpcf7-form-control wpcf7-email wpcf7-validates-as-required wpcf7-text wpcf7-validates-as-email\" aria-required=\"true\" aria-invalid=\"false\" value=\"\" type=\"email\" name=\"email\" \/><\/span>\n<\/p>\n<p>Tipo de socio *:\n<\/p>\n<p><span class=\"wpcf7-form-control-wrap\" data-name=\"tipo-socio\"><select class=\"wpcf7-form-control wpcf7-select wpcf7-validates-as-required\" aria-required=\"true\" aria-invalid=\"false\" name=\"tipo-socio\"><option value=\"\">&#8212;Please choose an option&#8212;<\/option><option value=\"Adherido\">Adherido<\/option><option value=\"De pleno derecho\">De pleno derecho<\/option><\/select><\/span>\n<\/p>\n<p>Captcha *:\n<\/p>\n<p><input type=\"hidden\" name=\"_wpcf7_captcha_challenge_captcha-162\" value=\"358845579\" \/><img loading=\"lazy\" decoding=\"async\" class=\"wpcf7-form-control wpcf7-captchac wpcf7-captcha-captcha-162\" width=\"72\" height=\"24\" alt=\"captcha\" src=\"https:\/\/www.edav.es\/wp-content\/uploads\/wpcf7_captcha\/358845579.png\" \/>\n<\/p>\n<p><span class=\"wpcf7-form-control-wrap\" data-name=\"captcha-162\"><input size=\"40\" class=\"wpcf7-form-control wpcf7-captchar\" autocomplete=\"off\" aria-invalid=\"false\" value=\"\" type=\"text\" name=\"captcha-162\" \/><\/span>\n<\/p>\n<p>* Campo obligatorio\n<\/p>\n<p><input class=\"wpcf7-form-control wpcf7-submit has-spinner\" type=\"submit\" value=\"Enviar\" \/>\n<\/p><p style=\"display: none !important;\" class=\"akismet-fields-container\" data-prefix=\"_wpcf7_ak_\"><label>&#916;<textarea name=\"_wpcf7_ak_hp_textarea\" cols=\"45\" rows=\"8\" maxlength=\"100\"><\/textarea><\/label><input type=\"hidden\" id=\"ak_js_1\" name=\"_wpcf7_ak_js\" value=\"3\"\/><script>document.getElementById( \"ak_js_1\" ).setAttribute( \"value\", ( new Date() ).getTime() );<\/script><\/p><div class=\"wpcf7-response-output\" aria-hidden=\"true\"><\/div>\n<\/form>\n<\/div>\n\n","protected":false},"excerpt":{"rendered":"<p>En EDAV hay cabida tanto para aquellos profesionales consagrados en el mundo del gui\u00f3n audiovisual como para aquellos que est\u00e1n empezando. Por ello existen dos modalidades de socios, el socio de pleno derecho, aquel que ya tiene obra estrenada donde figuran sus primeros cr\u00e9ditos como autor; y el socio adherido, que no tiene obra estrenada &#8230; <a title=\"AS\u00d3CIATE\" class=\"read-more\" href=\"https:\/\/www.edav.es\/es\/asociate\/\" aria-label=\"Leer m\u00e1s sobre AS\u00d3CIATE\">Leer m\u00e1s<\/a><\/p>\n","protected":false},"author":318,"featured_media":0,"parent":0,"menu_order":30,"comment_status":"closed","ping_status":"closed","template":"","meta":{"_acf_changed":false,"generate_page_header":"","footnotes":""},"class_list":{"0":"post-19","1":"page","2":"type-page","3":"status-publish","5":"infinite-scroll-item"},"acf":[],"aioseo_notices":[],"_links":{"self":[{"href":"https:\/\/www.edav.es\/es\/wp-json\/wp\/v2\/pages\/19","targetHints":{"allow":["GET"]}}],"collection":[{"href":"https:\/\/www.edav.es\/es\/wp-json\/wp\/v2\/pages"}],"about":[{"href":"https:\/\/www.edav.es\/es\/wp-json\/wp\/v2\/types\/page"}],"author":[{"embeddable":true,"href":"https:\/\/www.edav.es\/es\/wp-json\/wp\/v2\/users\/318"}],"replies":[{"embeddable":true,"href":"https:\/\/www.edav.es\/es\/wp-json\/wp\/v2\/comments?post=19"}],"version-history":[{"count":13,"href":"https:\/\/www.edav.es\/es\/wp-json\/wp\/v2\/pages\/19\/revisions"}],"predecessor-version":[{"id":12321,"href":"https:\/\/www.edav.es\/es\/wp-json\/wp\/v2\/pages\/19\/revisions\/12321"}],"wp:attachment":[{"href":"https:\/\/www.edav.es\/es\/wp-json\/wp\/v2\/media?parent=19"}],"curies":[{"name":"wp","href":"https:\/\/api.w.org\/{rel}","templated":true}]}}