{"id":3559,"date":"2018-03-20T17:23:04","date_gmt":"2018-03-20T16:23:04","guid":{"rendered":"http:\/\/www.edav.es\/?page_id=3559"},"modified":"2026-04-07T12:02:14","modified_gmt":"2026-04-07T10:02:14","slug":"contacto","status":"publish","type":"page","link":"https:\/\/www.edav.es\/es\/contacto\/","title":{"rendered":"CONTACTO"},"content":{"rendered":"\n<p>La asociaci\u00f3n Escriptors de l&#8217;Audiovisual Valenci\u00e0 tiene su sede en la calle Blanqueria, 6, en la ciudad de Val\u00e8ncia. Si quieres contactar con nosotros, rellena este formulario y nos pondremos en contacto contigo lo ante posible.<\/p>\n\n\n\n<div class=\"wpcf7 no-js\" id=\"wpcf7-f3667-o1\" lang=\"val\" dir=\"ltr\" data-wpcf7-id=\"3667\">\n<div class=\"screen-reader-response\"><p role=\"status\" aria-live=\"polite\" aria-atomic=\"true\"><\/p> <ul><\/ul><\/div>\n<form action=\"\/es\/wp-json\/wp\/v2\/pages\/3559#wpcf7-f3667-o1\" method=\"post\" class=\"wpcf7-form init\" aria-label=\"Formulario de contacto\" novalidate=\"novalidate\" data-status=\"init\">\n<fieldset class=\"hidden-fields-container\"><input type=\"hidden\" name=\"_wpcf7\" value=\"3667\" \/><input type=\"hidden\" name=\"_wpcf7_version\" value=\"6.1.5\" \/><input type=\"hidden\" name=\"_wpcf7_locale\" value=\"val\" \/><input type=\"hidden\" name=\"_wpcf7_unit_tag\" value=\"wpcf7-f3667-o1\" \/><input type=\"hidden\" name=\"_wpcf7_container_post\" value=\"0\" \/><input type=\"hidden\" name=\"_wpcf7_posted_data_hash\" value=\"\" \/>\n<\/fieldset>\n<p><label> Nombre y apellidos*<br \/>\n<span class=\"wpcf7-form-control-wrap\" data-name=\"your-name\"><input size=\"40\" maxlength=\"400\" class=\"wpcf7-form-control wpcf7-text wpcf7-validates-as-required\" aria-required=\"true\" aria-invalid=\"false\" value=\"\" type=\"text\" name=\"your-name\" \/><\/span> <\/label>\n<\/p>\n<p><label> Tu direcci\u00f3n electr\u00f3nica*<br \/>\n<span class=\"wpcf7-form-control-wrap\" data-name=\"your-email\"><input size=\"40\" maxlength=\"400\" class=\"wpcf7-form-control wpcf7-email wpcf7-validates-as-required wpcf7-text wpcf7-validates-as-email\" aria-required=\"true\" aria-invalid=\"false\" value=\"\" type=\"email\" name=\"your-email\" \/><\/span> <\/label>\n<\/p>\n<p><label> Asunto*<br \/>\n<span class=\"wpcf7-form-control-wrap\" data-name=\"your-subject\"><input size=\"40\" maxlength=\"400\" class=\"wpcf7-form-control wpcf7-text wpcf7-validates-as-required\" aria-required=\"true\" aria-invalid=\"false\" value=\"\" type=\"text\" name=\"your-subject\" \/><\/span> <\/label>\n<\/p>\n<p><label> Mensaje*<br \/>\n<span class=\"wpcf7-form-control-wrap\" data-name=\"your-message\"><textarea cols=\"40\" rows=\"10\" maxlength=\"2000\" class=\"wpcf7-form-control wpcf7-textarea wpcf7-validates-as-required\" aria-required=\"true\" aria-invalid=\"false\" name=\"your-message\"><\/textarea><\/span> <\/label>\n<\/p>\n<p>Captcha *:\n<\/p>\n<p><input type=\"hidden\" name=\"_wpcf7_captcha_challenge_captcha-162\" value=\"1813685998\" \/><img loading=\"lazy\" decoding=\"async\" class=\"wpcf7-form-control wpcf7-captchac wpcf7-captcha-captcha-162\" width=\"72\" height=\"24\" alt=\"captcha\" src=\"https:\/\/www.edav.es\/wp-content\/uploads\/wpcf7_captcha\/1813685998.png\" \/>\n<\/p>\n<p><span class=\"wpcf7-form-control-wrap\" data-name=\"captcha-162\"><input size=\"40\" class=\"wpcf7-form-control wpcf7-captchar\" autocomplete=\"off\" aria-invalid=\"false\" value=\"\" type=\"text\" name=\"captcha-162\" \/><\/span>\n<\/p>\n<p>* Camp obligatori\n<\/p>\n<p><input class=\"wpcf7-form-control wpcf7-submit has-spinner\" type=\"submit\" value=\"Enviar\" \/>\n<\/p><p style=\"display: none !important;\" class=\"akismet-fields-container\" data-prefix=\"_wpcf7_ak_\"><label>&#916;<textarea name=\"_wpcf7_ak_hp_textarea\" cols=\"45\" rows=\"8\" maxlength=\"100\"><\/textarea><\/label><input type=\"hidden\" id=\"ak_js_1\" name=\"_wpcf7_ak_js\" value=\"225\"\/><script>document.getElementById( \"ak_js_1\" ).setAttribute( \"value\", ( new Date() ).getTime() );<\/script><\/p><div class=\"wpcf7-response-output\" aria-hidden=\"true\"><\/div>\n<\/form>\n<\/div>\n\n\n\n\n<p class=\"has-text-align-right\"><strong>EDAV<\/strong><br>Escriptors de l&#8217;Audiovisual Valenci\u00e0<br>Carrer de la Blanqueria, 6 \u00b7 46003 Val\u00e8ncia<br>613 023 438 \u00b7 info@edav.es<\/p>\n\n\n\n<iframe src=\"https:\/\/www.google.com\/maps\/embed?pb=!1m18!1m12!1m3!1d1539.772728855288!2d-0.37817184317751!3d39.479596292871754!2m3!1f0!2f0!3f0!3m2!1i1024!2i768!4f13.1!3m3!1m2!1s0xd604f5382e8f973%3A0xa9c1fc10aac590c1!2sEDAV%20%7C%20Escriptors%20De%20l&#39;Audiovisual%20Valenci%C3%A0!5e0!3m2!1sca!2sus!4v1775555837586!5m2!1sca!2sus\" width=\"820\" height=\"450\" style=\"border:0;\" allowfullscreen=\"\" loading=\"lazy\" referrerpolicy=\"no-referrer-when-downgrade\"><\/iframe>\n","protected":false},"excerpt":{"rendered":"<p>La asociaci\u00f3n Escriptors de l&#8217;Audiovisual Valenci\u00e0 tiene su sede en la calle Blanqueria, 6, en la ciudad de Val\u00e8ncia. Si quieres contactar con nosotros, rellena este formulario y nos pondremos en contacto contigo lo ante posible. EDAVEscriptors de l&#8217;Audiovisual Valenci\u00e0Carrer de la Blanqueria, 6 \u00b7 46003 Val\u00e8ncia613 023 438 \u00b7 info@edav.es<\/p>\n","protected":false},"author":318,"featured_media":0,"parent":0,"menu_order":70,"comment_status":"closed","ping_status":"closed","template":"","meta":{"_acf_changed":false,"generate_page_header":"","footnotes":""},"class_list":{"0":"post-3559","1":"page","2":"type-page","3":"status-publish","5":"infinite-scroll-item"},"acf":[],"aioseo_notices":[],"_links":{"self":[{"href":"https:\/\/www.edav.es\/es\/wp-json\/wp\/v2\/pages\/3559","targetHints":{"allow":["GET"]}}],"collection":[{"href":"https:\/\/www.edav.es\/es\/wp-json\/wp\/v2\/pages"}],"about":[{"href":"https:\/\/www.edav.es\/es\/wp-json\/wp\/v2\/types\/page"}],"author":[{"embeddable":true,"href":"https:\/\/www.edav.es\/es\/wp-json\/wp\/v2\/users\/318"}],"replies":[{"embeddable":true,"href":"https:\/\/www.edav.es\/es\/wp-json\/wp\/v2\/comments?post=3559"}],"version-history":[{"count":15,"href":"https:\/\/www.edav.es\/es\/wp-json\/wp\/v2\/pages\/3559\/revisions"}],"predecessor-version":[{"id":12355,"href":"https:\/\/www.edav.es\/es\/wp-json\/wp\/v2\/pages\/3559\/revisions\/12355"}],"wp:attachment":[{"href":"https:\/\/www.edav.es\/es\/wp-json\/wp\/v2\/media?parent=3559"}],"curies":[{"name":"wp","href":"https:\/\/api.w.org\/{rel}","templated":true}]}}